{"id":4900,"date":"2024-08-17T16:59:17","date_gmt":"2024-08-17T16:59:17","guid":{"rendered":"https:\/\/fundacionjerusalem.org\/?post_type=product&#038;p=4900"},"modified":"2024-08-21T03:13:15","modified_gmt":"2024-08-21T03:13:15","slug":"donacion-con-wise","status":"publish","type":"product","link":"https:\/\/fundacionjerusalem.org\/en\/product\/donacion-con-wise\/","title":{"rendered":"Donaciones Internacionales con Wise"},"content":{"rendered":"<p>Hemos integrado una pasarela de donaciones utilizando Wise para facilitar contribuciones internacionales de manera eficiente y segura. Esta plataforma permite a los donantes realizar transferencias desde cualquier parte del mundo con bajas comisiones y total transparencia. Con Wise, las donaciones llegan r\u00e1pidamente y sin complicaciones, asegurando que el apoyo econ\u00f3mico sea recibido donde m\u00e1s se necesita. Ideal para expandir el alcance global y garantizar la confianza en cada transacci\u00f3n.<\/p>","protected":false},"excerpt":{"rendered":"<p>Hemos integrado una pasarela de donaciones utilizando Wise para facilitar contribuciones internacionales de manera eficiente y segura. Esta plataforma permite a los donantes realizar transferencias desde cualquier parte del mundo con bajas comisiones y total transparencia. Con&hellip;<\/p>","protected":false},"featured_media":4902,"comment_status":"closed","ping_status":"closed","template":"","meta":[],"product_cat":[55],"product_tag":[],"class_list":{"0":"post-4900","1":"product","2":"type-product","3":"status-publish","4":"has-post-thumbnail","6":"product_cat-sin-categorizar","8":"first","9":"instock","10":"virtual","11":"purchasable","12":"product-type-simple"},"_links":{"self":[{"href":"https:\/\/fundacionjerusalem.org\/en\/wp-json\/wp\/v2\/product\/4900","targetHints":{"allow":["GET"]}}],"collection":[{"href":"https:\/\/fundacionjerusalem.org\/en\/wp-json\/wp\/v2\/product"}],"about":[{"href":"https:\/\/fundacionjerusalem.org\/en\/wp-json\/wp\/v2\/types\/product"}],"replies":[{"embeddable":true,"href":"https:\/\/fundacionjerusalem.org\/en\/wp-json\/wp\/v2\/comments?post=4900"}],"wp:featuredmedia":[{"embeddable":true,"href":"https:\/\/fundacionjerusalem.org\/en\/wp-json\/wp\/v2\/media\/4902"}],"wp:attachment":[{"href":"https:\/\/fundacionjerusalem.org\/en\/wp-json\/wp\/v2\/media?parent=4900"}],"wp:term":[{"taxonomy":"product_cat","embeddable":true,"href":"https:\/\/fundacionjerusalem.org\/en\/wp-json\/wp\/v2\/product_cat?post=4900"},{"taxonomy":"product_tag","embeddable":true,"href":"https:\/\/fundacionjerusalem.org\/en\/wp-json\/wp\/v2\/product_tag?post=4900"}],"curies":[{"name":"wp","href":"https:\/\/api.w.org\/{rel}","templated":true}]}}